{"id":484,"date":"2025-10-07T08:10:23","date_gmt":"2025-10-07T06:10:23","guid":{"rendered":"https:\/\/gaudi2026.developallin.com\/index.php\/home\/"},"modified":"2025-10-15T13:00:07","modified_gmt":"2025-10-15T11:00:07","slug":"home","status":"publish","type":"page","link":"https:\/\/gaudi2026.developallin.com\/en\/","title":{"rendered":"Home"},"content":{"rendered":"\t\t<div data-elementor-type=\"wp-page\" data-elementor-id=\"484\" class=\"elementor elementor-484 elementor-153\" data-elementor-post-type=\"page\">\n\t\t\t\t<div class=\"elementor-element elementor-element-6b6e0b7 e-con-full e-flex elementor-invisible e-con e-parent\" data-id=\"6b6e0b7\" data-element_type=\"container\" data-settings=\"{&quot;animation&quot;:&quot;fadeIn&quot;,&quot;animation_delay&quot;:1000}\">\n\t\t\t\t<div class=\"elementor-element elementor-element-2b9d5ab elementor-widget elementor-widget-shortcode\" data-id=\"2b9d5ab\" data-element_type=\"widget\" data-widget_type=\"shortcode.default\">\n\t\t\t\t\t\t\t<div class=\"elementor-shortcode\">    <!-- Swiper CSS -->\n    <link rel=\"stylesheet\" href=\"https:\/\/cdn.jsdelivr.net\/npm\/swiper@11\/swiper-bundle.min.css\" \/>\n    <style>\n    @media (max-width: 767px) {\n        .gaudi26-accordion-container { display:none; }\n        .gaudi26-swiper { display:block; }\n    }\n    @media (min-width: 768px) {\n        .gaudi26-accordion-container { display:flex; }\n        .gaudi26-swiper { display:none; }\n    }\n    .gaudi26-swiper .swiper-slide { text-align:center; }\n    .gaudi26-swiper .gaudi26-accordion-title { margin-top:10px; font-weight:bold; }\n    <\/style>\n    <!-- Swiper Carrusel para m\u00f3viles -->\n    <div class=\"gaudi26-swiper\" style=\"display:none;\">\n        <div class=\"swiper\">\n            <div class=\"swiper-wrapper\">\n                                <div class=\"swiper-slide\">\n                    <img decoding=\"async\" src=\"https:\/\/gaudi2026.developallin.com\/wp-content\/themes\/gaudi2026\/images\/01-Nau-Mataro.webp\" alt=\"Nau Matar\u00f3\" style=\"width:100%;height:auto;\">\n                    <div class=\"gaudi26-accordion-title\">Nau Matar\u00f3<\/div>\n                <\/div>\n                                <div class=\"swiper-slide\">\n                    <img decoding=\"async\" src=\"https:\/\/gaudi2026.developallin.com\/wp-content\/themes\/gaudi2026\/images\/02-Casa-Vicens.webp\" alt=\"Casa Vicens\" style=\"width:100%;height:auto;\">\n                    <div class=\"gaudi26-accordion-title\">Casa Vicens<\/div>\n                <\/div>\n                                <div class=\"swiper-slide\">\n                    <img decoding=\"async\" src=\"https:\/\/gaudi2026.developallin.com\/wp-content\/themes\/gaudi2026\/images\/03-Capricho-de-Comillas.webp\" alt=\"Capricho de Comillas\" style=\"width:100%;height:auto;\">\n                    <div class=\"gaudi26-accordion-title\">Capricho de Comillas<\/div>\n                <\/div>\n                                <div class=\"swiper-slide\">\n                    <img decoding=\"async\" src=\"https:\/\/gaudi2026.developallin.com\/wp-content\/themes\/gaudi2026\/images\/04-Pavellons-Guell.webp\" alt=\"Pavellons Gu\u0308ell\" style=\"width:100%;height:auto;\">\n                    <div class=\"gaudi26-accordion-title\">Pavellons Gu\u0308ell<\/div>\n                <\/div>\n                                <div class=\"swiper-slide\">\n                    <img decoding=\"async\" src=\"https:\/\/gaudi2026.developallin.com\/wp-content\/themes\/gaudi2026\/images\/05-Sagrada-Familia.webp\" alt=\"Sagrada Familia\" style=\"width:100%;height:auto;\">\n                    <div class=\"gaudi26-accordion-title\">Sagrada Familia<\/div>\n                <\/div>\n                                <div class=\"swiper-slide\">\n                    <img decoding=\"async\" src=\"https:\/\/gaudi2026.developallin.com\/wp-content\/themes\/gaudi2026\/images\/06-Palau-Guell.webp\" alt=\"Palau G\u00fcell\" style=\"width:100%;height:auto;\">\n                    <div class=\"gaudi26-accordion-title\">Palau G\u00fcell<\/div>\n                <\/div>\n                                <div class=\"swiper-slide\">\n                    <img decoding=\"async\" src=\"https:\/\/gaudi2026.developallin.com\/wp-content\/themes\/gaudi2026\/images\/07-Teresianes.webp\" alt=\"Teresianes\" style=\"width:100%;height:auto;\">\n                    <div class=\"gaudi26-accordion-title\">Teresianes<\/div>\n                <\/div>\n                                <div class=\"swiper-slide\">\n                    <img decoding=\"async\" src=\"https:\/\/gaudi2026.developallin.com\/wp-content\/themes\/gaudi2026\/images\/08-Palacio-Episcopal-Astorga.webp\" alt=\"Palacio Episcopal Astorga\" style=\"width:100%;height:auto;\">\n                    <div class=\"gaudi26-accordion-title\">Palacio Episcopal Astorga<\/div>\n                <\/div>\n                                <div class=\"swiper-slide\">\n                    <img decoding=\"async\" src=\"https:\/\/gaudi2026.developallin.com\/wp-content\/themes\/gaudi2026\/images\/09-Cripta-Colonia-Guell.webp\" alt=\"Cripta Colo\u0300nia Gu\u0308ell\" style=\"width:100%;height:auto;\">\n                    <div class=\"gaudi26-accordion-title\">Cripta Colo\u0300nia Gu\u0308ell<\/div>\n                <\/div>\n                                <div class=\"swiper-slide\">\n                    <img decoding=\"async\" src=\"https:\/\/gaudi2026.developallin.com\/wp-content\/themes\/gaudi2026\/images\/10-Casa-Botines.webp\" alt=\"Casa Botines\" style=\"width:100%;height:auto;\">\n                    <div class=\"gaudi26-accordion-title\">Casa Botines<\/div>\n                <\/div>\n                                <div class=\"swiper-slide\">\n                    <img decoding=\"async\" src=\"https:\/\/gaudi2026.developallin.com\/wp-content\/themes\/gaudi2026\/images\/11-Casa-Calvet.webp\" alt=\"Casa Calvet\" style=\"width:100%;height:auto;\">\n                    <div class=\"gaudi26-accordion-title\">Casa Calvet<\/div>\n                <\/div>\n                                <div class=\"swiper-slide\">\n                    <img decoding=\"async\" src=\"https:\/\/gaudi2026.developallin.com\/wp-content\/themes\/gaudi2026\/images\/12-Torre-Bellesguard.webp\" alt=\"Torre Bellesguard\" style=\"width:100%;height:auto;\">\n                    <div class=\"gaudi26-accordion-title\">Torre Bellesguard<\/div>\n                <\/div>\n                                <div class=\"swiper-slide\">\n                    <img decoding=\"async\" src=\"https:\/\/gaudi2026.developallin.com\/wp-content\/themes\/gaudi2026\/images\/13-Park-Guell.webp\" alt=\"Park G\u00fcell\" style=\"width:100%;height:auto;\">\n                    <div class=\"gaudi26-accordion-title\">Park G\u00fcell<\/div>\n                <\/div>\n                                <div class=\"swiper-slide\">\n                    <img decoding=\"async\" src=\"https:\/\/gaudi2026.developallin.com\/wp-content\/themes\/gaudi2026\/images\/14-Catedral-de-Mallorca.webp\" alt=\"Catedral de Mallorca\" style=\"width:100%;height:auto;\">\n                    <div class=\"gaudi26-accordion-title\">Catedral de Mallorca<\/div>\n                <\/div>\n                                <div class=\"swiper-slide\">\n                    <img decoding=\"async\" src=\"https:\/\/gaudi2026.developallin.com\/wp-content\/themes\/gaudi2026\/images\/15-Casa-Batllo.webp\" alt=\"Casa Batll\u00f3\" style=\"width:100%;height:auto;\">\n                    <div class=\"gaudi26-accordion-title\">Casa Batll\u00f3<\/div>\n                <\/div>\n                                <div class=\"swiper-slide\">\n                    <img decoding=\"async\" src=\"https:\/\/gaudi2026.developallin.com\/wp-content\/themes\/gaudi2026\/images\/16-Pedrera.webp\" alt=\"La Pedrera\" style=\"width:100%;height:auto;\">\n                    <div class=\"gaudi26-accordion-title\">La Pedrera<\/div>\n                <\/div>\n                            <\/div>\n            <div class=\"swiper-pagination\"><\/div>\n            <!-- <div class=\"swiper-button-prev\"><\/div>\n            <div class=\"swiper-button-next\"><\/div> -->\n        <\/div>\n    <\/div>\n    <!-- Acorde\u00f3n para desktop -->\n    <div class=\"gaudi26-accordion-container gaudi26-dof\">\n                    <div class=\"gaudi26-accordion-item\" tabindex=\"0\">\n                <img decoding=\"async\" src=\"https:\/\/gaudi2026.developallin.com\/wp-content\/themes\/gaudi2026\/images\/01-Nau-Mataro.webp\" alt=\"Nau Matar\u00f3\">\n                <div class=\"gaudi26-accordion-title\">Nau Matar\u00f3<\/div>\n            <\/div>\n                    <div class=\"gaudi26-accordion-item\" tabindex=\"0\">\n                <img decoding=\"async\" src=\"https:\/\/gaudi2026.developallin.com\/wp-content\/themes\/gaudi2026\/images\/02-Casa-Vicens.webp\" alt=\"Casa Vicens\">\n                <div class=\"gaudi26-accordion-title\">Casa Vicens<\/div>\n            <\/div>\n                    <div class=\"gaudi26-accordion-item\" tabindex=\"0\">\n                <img decoding=\"async\" src=\"https:\/\/gaudi2026.developallin.com\/wp-content\/themes\/gaudi2026\/images\/03-Capricho-de-Comillas.webp\" alt=\"Capricho de Comillas\">\n                <div class=\"gaudi26-accordion-title\">Capricho de Comillas<\/div>\n            <\/div>\n                    <div class=\"gaudi26-accordion-item\" tabindex=\"0\">\n                <img decoding=\"async\" src=\"https:\/\/gaudi2026.developallin.com\/wp-content\/themes\/gaudi2026\/images\/04-Pavellons-Guell.webp\" alt=\"Pavellons Gu\u0308ell\">\n                <div class=\"gaudi26-accordion-title\">Pavellons Gu\u0308ell<\/div>\n            <\/div>\n                    <div class=\"gaudi26-accordion-item\" tabindex=\"0\">\n                <img decoding=\"async\" src=\"https:\/\/gaudi2026.developallin.com\/wp-content\/themes\/gaudi2026\/images\/05-Sagrada-Familia.webp\" alt=\"Sagrada Familia\">\n                <div class=\"gaudi26-accordion-title\">Sagrada Familia<\/div>\n            <\/div>\n                    <div class=\"gaudi26-accordion-item\" tabindex=\"0\">\n                <img decoding=\"async\" src=\"https:\/\/gaudi2026.developallin.com\/wp-content\/themes\/gaudi2026\/images\/06-Palau-Guell.webp\" alt=\"Palau G\u00fcell\">\n                <div class=\"gaudi26-accordion-title\">Palau G\u00fcell<\/div>\n            <\/div>\n                    <div class=\"gaudi26-accordion-item\" tabindex=\"0\">\n                <img decoding=\"async\" src=\"https:\/\/gaudi2026.developallin.com\/wp-content\/themes\/gaudi2026\/images\/07-Teresianes.webp\" alt=\"Teresianes\">\n                <div class=\"gaudi26-accordion-title\">Teresianes<\/div>\n            <\/div>\n                    <div class=\"gaudi26-accordion-item\" tabindex=\"0\">\n                <img decoding=\"async\" src=\"https:\/\/gaudi2026.developallin.com\/wp-content\/themes\/gaudi2026\/images\/08-Palacio-Episcopal-Astorga.webp\" alt=\"Palacio Episcopal Astorga\">\n                <div class=\"gaudi26-accordion-title\">Palacio Episcopal Astorga<\/div>\n            <\/div>\n                    <div class=\"gaudi26-accordion-item\" tabindex=\"0\">\n                <img decoding=\"async\" src=\"https:\/\/gaudi2026.developallin.com\/wp-content\/themes\/gaudi2026\/images\/09-Cripta-Colonia-Guell.webp\" alt=\"Cripta Colo\u0300nia Gu\u0308ell\">\n                <div class=\"gaudi26-accordion-title\">Cripta Colo\u0300nia Gu\u0308ell<\/div>\n            <\/div>\n                    <div class=\"gaudi26-accordion-item\" tabindex=\"0\">\n                <img decoding=\"async\" src=\"https:\/\/gaudi2026.developallin.com\/wp-content\/themes\/gaudi2026\/images\/10-Casa-Botines.webp\" alt=\"Casa Botines\">\n                <div class=\"gaudi26-accordion-title\">Casa Botines<\/div>\n            <\/div>\n                    <div class=\"gaudi26-accordion-item\" tabindex=\"0\">\n                <img decoding=\"async\" src=\"https:\/\/gaudi2026.developallin.com\/wp-content\/themes\/gaudi2026\/images\/11-Casa-Calvet.webp\" alt=\"Casa Calvet\">\n                <div class=\"gaudi26-accordion-title\">Casa Calvet<\/div>\n            <\/div>\n                    <div class=\"gaudi26-accordion-item\" tabindex=\"0\">\n                <img decoding=\"async\" src=\"https:\/\/gaudi2026.developallin.com\/wp-content\/themes\/gaudi2026\/images\/12-Torre-Bellesguard.webp\" alt=\"Torre Bellesguard\">\n                <div class=\"gaudi26-accordion-title\">Torre Bellesguard<\/div>\n            <\/div>\n                    <div class=\"gaudi26-accordion-item\" tabindex=\"0\">\n                <img decoding=\"async\" src=\"https:\/\/gaudi2026.developallin.com\/wp-content\/themes\/gaudi2026\/images\/13-Park-Guell.webp\" alt=\"Park G\u00fcell\">\n                <div class=\"gaudi26-accordion-title\">Park G\u00fcell<\/div>\n            <\/div>\n                    <div class=\"gaudi26-accordion-item\" tabindex=\"0\">\n                <img decoding=\"async\" src=\"https:\/\/gaudi2026.developallin.com\/wp-content\/themes\/gaudi2026\/images\/14-Catedral-de-Mallorca.webp\" alt=\"Catedral de Mallorca\">\n                <div class=\"gaudi26-accordion-title\">Catedral de Mallorca<\/div>\n            <\/div>\n                    <div class=\"gaudi26-accordion-item\" tabindex=\"0\">\n                <img decoding=\"async\" src=\"https:\/\/gaudi2026.developallin.com\/wp-content\/themes\/gaudi2026\/images\/15-Casa-Batllo.webp\" alt=\"Casa Batll\u00f3\">\n                <div class=\"gaudi26-accordion-title\">Casa Batll\u00f3<\/div>\n            <\/div>\n                    <div class=\"gaudi26-accordion-item\" tabindex=\"0\">\n                <img decoding=\"async\" src=\"https:\/\/gaudi2026.developallin.com\/wp-content\/themes\/gaudi2026\/images\/16-Pedrera.webp\" alt=\"La Pedrera\">\n                <div class=\"gaudi26-accordion-title\">La Pedrera<\/div>\n            <\/div>\n            <\/div>\n    <!-- Swiper JS -->\n    <script src=\"https:\/\/cdn.jsdelivr.net\/npm\/swiper@11\/swiper-bundle.min.js\"><\/script>\n    <script>\n    document.addEventListener('DOMContentLoaded', function () {\n        \/\/ Swiper solo en m\u00f3vil\n        if(window.innerWidth < 768){\n            document.querySelector('.gaudi26-swiper').style.display = 'block';\n            var swiper = new Swiper('.gaudi26-swiper .swiper', {\n                slidesPerView: 1,\n                spaceBetween: 10,\n                pagination: { el: '.swiper-pagination', clickable: true },\n                \/\/ navigation: { nextEl: '.swiper-button-next', prevEl: '.swiper-button-prev' },\n                loop: true,\n            });\n        }\n        \/\/ Acorde\u00f3n solo en desktop\n        if(window.innerWidth >= 768){\n            const items = Array.from(document.querySelectorAll('.gaudi26-accordion-item'));\n            const container = document.querySelector('.gaudi26-accordion-container');\n            const OPEN_DELAY = 120, CLOSE_DELAY = 220;\n            let hoverTimer = null, closeTimer = null, expanded = null;\n            function expand(el) {\n                if (expanded === el) return;\n                items.forEach(i => i.classList.toggle('expanded', i === el));\n                expanded = el;\n            }\n            function collapse() {\n                items.forEach(i => i.classList.remove('expanded'));\n                expanded = null;\n            }\n            items.forEach(item => {\n                item.addEventListener('mouseenter', () => {\n                    if (closeTimer) { clearTimeout(closeTimer); closeTimer = null; }\n                    if (hoverTimer) clearTimeout(hoverTimer);\n                    hoverTimer = setTimeout(() => expand(item), OPEN_DELAY);\n                });\n                item.addEventListener('mouseleave', () => {\n                    if (hoverTimer) { clearTimeout(hoverTimer); hoverTimer = null; }\n                    closeTimer = setTimeout(() => {\n                        if (!container.matches(':hover')) collapse();\n                    }, CLOSE_DELAY);\n                });\n                item.addEventListener('click', () => {\n                    if (expanded === item) { collapse(); }\n                    else { expand(item); }\n                });\n            });\n            container.addEventListener('mouseleave', () => {\n                if (hoverTimer) { clearTimeout(hoverTimer); hoverTimer = null; }\n                closeTimer = setTimeout(() => collapse(), CLOSE_DELAY);\n            });\n        }\n    });\n    <\/script>\n    <\/div>\n\t\t\t\t\t\t<\/div>\n\t\t\t\t<\/div>\n\t\t<div class=\"elementor-element elementor-element-32d52a77 e-flex e-con-boxed e-con e-parent\" data-id=\"32d52a77\" data-element_type=\"container\" data-settings=\"{&quot;background_background&quot;:&quot;classic&quot;}\">\n\t\t\t\t\t<div class=\"e-con-inner\">\n\t\t<div class=\"elementor-element elementor-element-69e7f7de e-con-full animated-slow e-flex elementor-invisible e-con e-child\" data-id=\"69e7f7de\" data-element_type=\"container\" data-settings=\"{&quot;animation&quot;:&quot;fadeInUp&quot;,&quot;animation_delay&quot;:100}\">\n\t\t\t\t<div class=\"elementor-element elementor-element-70e99e60 elementor-widget elementor-widget-heading\" data-id=\"70e99e60\" data-element_type=\"widget\" data-widget_type=\"heading.default\">\n\t\t\t\t\t<h1 class=\"elementor-heading-title elementor-size-default\">Gaud\u00ed 2026: A year to<br> \ncelebrate his work and legacy<\/h1>\t\t\t\t<\/div>\n\t\t\t\t<div class=\"elementor-element elementor-element-5e9c934 elementor-widget elementor-widget-heading\" data-id=\"5e9c934\" data-element_type=\"widget\" data-widget_type=\"heading.default\">\n\t\t\t\t\t<p class=\"elementor-heading-title elementor-size-default\">2026 marks the centenary of Antoni Gaud\u00ed's death, one of the world's most renowned architects. All owners and managers of his work, both movable and immovable, are working together to organize this commemoration. Throughout the year, various events and activities will be organized, which you can follow here.<\/p>\t\t\t\t<\/div>\n\t\t\t\t<\/div>\n\t\t<div class=\"elementor-element elementor-element-38874a7b e-con-full animated-slow e-flex elementor-invisible e-con e-child\" data-id=\"38874a7b\" data-element_type=\"container\" data-settings=\"{&quot;animation&quot;:&quot;fadeInUp&quot;,&quot;animation_delay&quot;:300}\">\n\t\t\t\t<\/div>\n\t\t\t\t\t<\/div>\n\t\t\t\t<\/div>\n\t\t\t\t<\/div>\n\t\t","protected":false},"excerpt":{"rendered":"<p>Gaud\u00ed 2026: A year to celebrate his work and legacy 2026 marks the centenary of Antoni Gaud\u00ed&#8217;s death, one of the world&#8217;s most renowned architects. All owners and managers of his work, both movable and immovable, are working together to organize this commemoration. Throughout the year, various events and activities will be organized, which you [&hellip;]<\/p>\n","protected":false},"author":1,"featured_media":0,"parent":0,"menu_order":0,"comment_status":"closed","ping_status":"closed","template":"elementor_header_footer","meta":{"_acf_changed":false,"footnotes":""},"class_list":["post-484","page","type-page","status-publish","hentry"],"acf":[],"yoast_head":"<!-- This site is optimized with the Yoast SEO plugin v26.1.1 - https:\/\/yoast.com\/wordpress\/plugins\/seo\/ -->\n<title>Home - Gaud\u00ed 2026<\/title>\n<meta name=\"robots\" content=\"noindex, follow, max-snippet:-1, max-image-preview:large, max-video-preview:-1\" \/>\n<meta property=\"og:locale\" content=\"en_US\" \/>\n<meta property=\"og:type\" content=\"article\" \/>\n<meta property=\"og:title\" content=\"Home - Gaud\u00ed 2026\" \/>\n<meta property=\"og:description\" content=\"Gaud\u00ed 2026: A year to celebrate his work and legacy 2026 marks the centenary of Antoni Gaud\u00ed&#8217;s death, one of the world&#8217;s most renowned architects. All owners and managers of his work, both movable and immovable, are working together to organize this commemoration. Throughout the year, various events and activities will be organized, which you [&hellip;]\" \/>\n<meta property=\"og:url\" content=\"https:\/\/gaudi2026.developallin.com\/en\/\" \/>\n<meta property=\"og:site_name\" content=\"Gaud\u00ed 2026\" \/>\n<meta property=\"article:modified_time\" content=\"2025-10-15T11:00:07+00:00\" \/>\n<meta name=\"twitter:card\" content=\"summary_large_image\" \/>\n<script type=\"application\/ld+json\" class=\"yoast-schema-graph\">{\"@context\":\"https:\/\/schema.org\",\"@graph\":[{\"@type\":\"WebPage\",\"@id\":\"https:\/\/gaudi2026.developallin.com\/en\/\",\"url\":\"https:\/\/gaudi2026.developallin.com\/en\/\",\"name\":\"Home - Gaud\u00ed 2026\",\"isPartOf\":{\"@id\":\"https:\/\/gaudi2026.developallin.com\/en\/#website\"},\"datePublished\":\"2025-10-07T06:10:23+00:00\",\"dateModified\":\"2025-10-15T11:00:07+00:00\",\"breadcrumb\":{\"@id\":\"https:\/\/gaudi2026.developallin.com\/en\/#breadcrumb\"},\"inLanguage\":\"en-US\",\"potentialAction\":[{\"@type\":\"ReadAction\",\"target\":[\"https:\/\/gaudi2026.developallin.com\/en\/\"]}]},{\"@type\":\"BreadcrumbList\",\"@id\":\"https:\/\/gaudi2026.developallin.com\/en\/#breadcrumb\",\"itemListElement\":[{\"@type\":\"ListItem\",\"position\":1,\"name\":\"Portada\",\"item\":\"https:\/\/gaudi2026.developallin.com\/en\/\"},{\"@type\":\"ListItem\",\"position\":2,\"name\":\"Home\"}]},{\"@type\":\"WebSite\",\"@id\":\"https:\/\/gaudi2026.developallin.com\/en\/#website\",\"url\":\"https:\/\/gaudi2026.developallin.com\/en\/\",\"name\":\"Gaud\u00ed 2026\",\"description\":\"\",\"potentialAction\":[{\"@type\":\"SearchAction\",\"target\":{\"@type\":\"EntryPoint\",\"urlTemplate\":\"https:\/\/gaudi2026.developallin.com\/en\/?s={search_term_string}\"},\"query-input\":{\"@type\":\"PropertyValueSpecification\",\"valueRequired\":true,\"valueName\":\"search_term_string\"}}],\"inLanguage\":\"en-US\"}]}<\/script>\n<!-- \/ Yoast SEO plugin. -->","yoast_head_json":{"title":"Home - Gaud\u00ed 2026","robots":{"index":"noindex","follow":"follow","max-snippet":"max-snippet:-1","max-image-preview":"max-image-preview:large","max-video-preview":"max-video-preview:-1"},"og_locale":"en_US","og_type":"article","og_title":"Home - Gaud\u00ed 2026","og_description":"Gaud\u00ed 2026: A year to celebrate his work and legacy 2026 marks the centenary of Antoni Gaud\u00ed&#8217;s death, one of the world&#8217;s most renowned architects. All owners and managers of his work, both movable and immovable, are working together to organize this commemoration. Throughout the year, various events and activities will be organized, which you [&hellip;]","og_url":"https:\/\/gaudi2026.developallin.com\/en\/","og_site_name":"Gaud\u00ed 2026","article_modified_time":"2025-10-15T11:00:07+00:00","twitter_card":"summary_large_image","schema":{"@context":"https:\/\/schema.org","@graph":[{"@type":"WebPage","@id":"https:\/\/gaudi2026.developallin.com\/en\/","url":"https:\/\/gaudi2026.developallin.com\/en\/","name":"Home - Gaud\u00ed 2026","isPartOf":{"@id":"https:\/\/gaudi2026.developallin.com\/en\/#website"},"datePublished":"2025-10-07T06:10:23+00:00","dateModified":"2025-10-15T11:00:07+00:00","breadcrumb":{"@id":"https:\/\/gaudi2026.developallin.com\/en\/#breadcrumb"},"inLanguage":"en-US","potentialAction":[{"@type":"ReadAction","target":["https:\/\/gaudi2026.developallin.com\/en\/"]}]},{"@type":"BreadcrumbList","@id":"https:\/\/gaudi2026.developallin.com\/en\/#breadcrumb","itemListElement":[{"@type":"ListItem","position":1,"name":"Portada","item":"https:\/\/gaudi2026.developallin.com\/en\/"},{"@type":"ListItem","position":2,"name":"Home"}]},{"@type":"WebSite","@id":"https:\/\/gaudi2026.developallin.com\/en\/#website","url":"https:\/\/gaudi2026.developallin.com\/en\/","name":"Gaud\u00ed 2026","description":"","potentialAction":[{"@type":"SearchAction","target":{"@type":"EntryPoint","urlTemplate":"https:\/\/gaudi2026.developallin.com\/en\/?s={search_term_string}"},"query-input":{"@type":"PropertyValueSpecification","valueRequired":true,"valueName":"search_term_string"}}],"inLanguage":"en-US"}]}},"_links":{"self":[{"href":"https:\/\/gaudi2026.developallin.com\/en\/wp-json\/wp\/v2\/pages\/484","targetHints":{"allow":["GET"]}}],"collection":[{"href":"https:\/\/gaudi2026.developallin.com\/en\/wp-json\/wp\/v2\/pages"}],"about":[{"href":"https:\/\/gaudi2026.developallin.com\/en\/wp-json\/wp\/v2\/types\/page"}],"author":[{"embeddable":true,"href":"https:\/\/gaudi2026.developallin.com\/en\/wp-json\/wp\/v2\/users\/1"}],"replies":[{"embeddable":true,"href":"https:\/\/gaudi2026.developallin.com\/en\/wp-json\/wp\/v2\/comments?post=484"}],"version-history":[{"count":2,"href":"https:\/\/gaudi2026.developallin.com\/en\/wp-json\/wp\/v2\/pages\/484\/revisions"}],"predecessor-version":[{"id":563,"href":"https:\/\/gaudi2026.developallin.com\/en\/wp-json\/wp\/v2\/pages\/484\/revisions\/563"}],"wp:attachment":[{"href":"https:\/\/gaudi2026.developallin.com\/en\/wp-json\/wp\/v2\/media?parent=484"}],"curies":[{"name":"wp","href":"https:\/\/api.w.org\/{rel}","templated":true}]}}